{"id":29,"date":"2023-12-20T11:07:23","date_gmt":"2023-12-20T11:07:23","guid":{"rendered":"https:\/\/vodiczamlade.rs\/?page_id=29"},"modified":"2023-12-20T11:36:32","modified_gmt":"2023-12-20T11:36:32","slug":"home","status":"publish","type":"page","link":"https:\/\/vodiczamlade.rs\/","title":{"rendered":"Po\u010detna"},"content":{"rendered":"\n<p class=\"has-text-align-center\">Dobro do\u0161li. Duh Beograda je nazad, u se\u0107anju da ste kod ku\u0107e. da ne mo\u017eete propasti jer ste me\u0111u svojima, da uvek i u svako vreme mo\u017eete da pozajmite ne\u0161to sitnine, ljubavi, krov nad glavom i malo neophodnog sau\u010desni\u0161tva pred zoru&#8230;<\/p>\n\n\n\n<p class=\"has-text-align-right\"><em> <\/em>                                                                                                                                                                <em>Momo Kapor<\/em><\/p>\n","protected":false},"excerpt":{"rendered":"<p>Dobro do\u0161li. Duh Beograda je nazad, u se\u0107anju da ste kod ku\u0107e. da ne mo\u017eete propasti jer ste me\u0111u svojima, da uvek i u svako vreme mo\u017eete da pozajmite ne\u0161to sitnine, ljubavi, krov nad glavom i malo neophodnog sau\u010desni\u0161tva pred zoru&#8230; Momo Kapor<\/p>\n","protected":false},"author":1,"featured_media":35,"parent":0,"menu_order":0,"comment_status":"closed","ping_status":"closed","template":"","meta":{"footnotes":""},"class_list":["post-29","page","type-page","status-publish","has-post-thumbnail","hentry"],"_links":{"self":[{"href":"https:\/\/vodiczamlade.rs\/index.php\/wp-json\/wp\/v2\/pages\/29","targetHints":{"allow":["GET"]}}],"collection":[{"href":"https:\/\/vodiczamlade.rs\/index.php\/wp-json\/wp\/v2\/pages"}],"about":[{"href":"https:\/\/vodiczamlade.rs\/index.php\/wp-json\/wp\/v2\/types\/page"}],"author":[{"embeddable":true,"href":"https:\/\/vodiczamlade.rs\/index.php\/wp-json\/wp\/v2\/users\/1"}],"replies":[{"embeddable":true,"href":"https:\/\/vodiczamlade.rs\/index.php\/wp-json\/wp\/v2\/comments?post=29"}],"version-history":[{"count":4,"href":"https:\/\/vodiczamlade.rs\/index.php\/wp-json\/wp\/v2\/pages\/29\/revisions"}],"predecessor-version":[{"id":58,"href":"https:\/\/vodiczamlade.rs\/index.php\/wp-json\/wp\/v2\/pages\/29\/revisions\/58"}],"wp:featuredmedia":[{"embeddable":true,"href":"https:\/\/vodiczamlade.rs\/index.php\/wp-json\/wp\/v2\/media\/35"}],"wp:attachment":[{"href":"https:\/\/vodiczamlade.rs\/index.php\/wp-json\/wp\/v2\/media?parent=29"}],"curies":[{"name":"wp","href":"https:\/\/api.w.org\/{rel}","templated":true}]}}