{"id":30,"date":"2023-12-20T11:07:23","date_gmt":"2023-12-20T11:07:23","guid":{"rendered":"https:\/\/vodiczamlade.rs\/?page_id=30"},"modified":"2023-12-20T11:41:53","modified_gmt":"2023-12-20T11:41:53","slug":"about","status":"publish","type":"page","link":"https:\/\/vodiczamlade.rs\/index.php\/about\/","title":{"rendered":"Sta je na\u0161a misija"},"content":{"rendered":"\n<p>Prestonica Srbije, ujedno i njen najve\u0107i grad, neiscrpan je izvor zabave i razonode. Beograd je \u017eivahan grad, nadaleko poznat po svom no\u0107nom \u017eivotu, ali i brojnim atrakcijama koje ga svrstavaju u red najpose\u0107enijih u zemlji. Izdvojte jedan vikend za \u0161etnju, posetu muzejima, a na kraju dana, i dobar izlazak u glavnom gradu na\u0161e zemlje. Izdvajamo vam \u0161ta posetiti u Beogradu, koje vas aktivnosti u Beogradu o\u010dekuju i kako da se najbolje provedete.<\/p>\n","protected":false},"excerpt":{"rendered":"<p>Prestonica Srbije, ujedno i njen najve\u0107i grad, neiscrpan je izvor zabave i razonode. Beograd je \u017eivahan grad, nadaleko poznat po svom no\u0107nom \u017eivotu, ali i brojnim atrakcijama koje ga svrstavaju u red najpose\u0107enijih u zemlji. Izdvojte jedan vikend za \u0161etnju, posetu muzejima, a na kraju dana, i dobar izlazak u glavnom gradu na\u0161e zemlje. Izdvajamo &hellip; <\/p>\n<p class=\"link-more\"><a href=\"https:\/\/vodiczamlade.rs\/index.php\/about\/\" class=\"more-link\">Continue reading<span class=\"screen-reader-text\"> &#8220;Sta je na\u0161a misija&#8221;<\/span><\/a><\/p>\n","protected":false},"author":1,"featured_media":62,"parent":0,"menu_order":0,"comment_status":"closed","ping_status":"closed","template":"","meta":{"footnotes":""},"class_list":["post-30","page","type-page","status-publish","has-post-thumbnail","hentry"],"_links":{"self":[{"href":"https:\/\/vodiczamlade.rs\/index.php\/wp-json\/wp\/v2\/pages\/30","targetHints":{"allow":["GET"]}}],"collection":[{"href":"https:\/\/vodiczamlade.rs\/index.php\/wp-json\/wp\/v2\/pages"}],"about":[{"href":"https:\/\/vodiczamlade.rs\/index.php\/wp-json\/wp\/v2\/types\/page"}],"author":[{"embeddable":true,"href":"https:\/\/vodiczamlade.rs\/index.php\/wp-json\/wp\/v2\/users\/1"}],"replies":[{"embeddable":true,"href":"https:\/\/vodiczamlade.rs\/index.php\/wp-json\/wp\/v2\/comments?post=30"}],"version-history":[{"count":3,"href":"https:\/\/vodiczamlade.rs\/index.php\/wp-json\/wp\/v2\/pages\/30\/revisions"}],"predecessor-version":[{"id":64,"href":"https:\/\/vodiczamlade.rs\/index.php\/wp-json\/wp\/v2\/pages\/30\/revisions\/64"}],"wp:featuredmedia":[{"embeddable":true,"href":"https:\/\/vodiczamlade.rs\/index.php\/wp-json\/wp\/v2\/media\/62"}],"wp:attachment":[{"href":"https:\/\/vodiczamlade.rs\/index.php\/wp-json\/wp\/v2\/media?parent=30"}],"curies":[{"name":"wp","href":"https:\/\/api.w.org\/{rel}","templated":true}]}}